{"id":659,"date":"2022-10-04T07:50:46","date_gmt":"2022-10-04T11:50:46","guid":{"rendered":"http:\/\/lievrerouge.ca\/about\/les-hautes-laurentides\/"},"modified":"2023-10-07T10:58:34","modified_gmt":"2023-10-07T14:58:34","slug":"the-upper-laurentians","status":"publish","type":"page","link":"https:\/\/lievrerouge.ca\/en\/about\/the-upper-laurentians\/","title":{"rendered":"The Upper Laurentians"},"content":{"rendered":"","protected":false},"excerpt":{"rendered":"","protected":false},"author":1,"featured_media":0,"parent":654,"menu_order":100,"comment_status":"closed","ping_status":"closed","template":"","meta":{"_acf_changed":false,"footnotes":""},"class_list":["post-659","page","type-page","status-publish","hentry","entry"],"acf":[],"yoast_head":"<!-- This site is optimized with the Yoast SEO Premium plugin v23.8 (Yoast SEO v26.5) - https:\/\/yoast.com\/wordpress\/plugins\/seo\/ -->\n<title>The Upper Laurentians - Refuge du Li\u00e8vre Rouge<\/title>\n<meta name=\"robots\" content=\"index, follow, max-snippet:-1, max-image-preview:large, max-video-preview:-1\" \/>\n<link rel=\"canonical\" href=\"https:\/\/lievrerouge.ca\/en\/about\/the-upper-laurentians\/\" \/>\n<meta property=\"og:locale\" content=\"en_US\" \/>\n<meta property=\"og:type\" content=\"article\" \/>\n<meta property=\"og:title\" content=\"The Upper Laurentians\" \/>\n<meta property=\"og:url\" content=\"https:\/\/lievrerouge.ca\/en\/about\/the-upper-laurentians\/\" \/>\n<meta property=\"og:site_name\" content=\"Refuge du Li\u00e8vre Rouge\" \/>\n<meta property=\"article:publisher\" content=\"https:\/\/www.facebook.com\/lievrerouge.ca\" \/>\n<meta property=\"article:modified_time\" content=\"2023-10-07T14:58:34+00:00\" \/>\n<meta name=\"twitter:card\" content=\"summary_large_image\" \/>\n<script type=\"application\/ld+json\" class=\"yoast-schema-graph\">{\"@context\":\"https:\/\/schema.org\",\"@graph\":[{\"@type\":\"WebPage\",\"@id\":\"https:\/\/lievrerouge.ca\/en\/about\/the-upper-laurentians\/\",\"url\":\"https:\/\/lievrerouge.ca\/en\/about\/the-upper-laurentians\/\",\"name\":\"The Upper Laurentians - Refuge du Li\u00e8vre Rouge\",\"isPartOf\":{\"@id\":\"https:\/\/lievrerouge.ca\/#website\"},\"datePublished\":\"2022-10-04T11:50:46+00:00\",\"dateModified\":\"2023-10-07T14:58:34+00:00\",\"breadcrumb\":{\"@id\":\"https:\/\/lievrerouge.ca\/en\/about\/the-upper-laurentians\/#breadcrumb\"},\"inLanguage\":\"en-US\",\"potentialAction\":[{\"@type\":\"ReadAction\",\"target\":[\"https:\/\/lievrerouge.ca\/en\/about\/the-upper-laurentians\/\"]}]},{\"@type\":\"BreadcrumbList\",\"@id\":\"https:\/\/lievrerouge.ca\/en\/about\/the-upper-laurentians\/#breadcrumb\",\"itemListElement\":[{\"@type\":\"ListItem\",\"position\":1,\"name\":\"Accueil\",\"item\":\"https:\/\/lievrerouge.ca\/en\/\"},{\"@type\":\"ListItem\",\"position\":2,\"name\":\"About\",\"item\":\"https:\/\/lievrerouge.ca\/en\/about\/\"},{\"@type\":\"ListItem\",\"position\":3,\"name\":\"The Upper Laurentians\"}]},{\"@type\":\"WebSite\",\"@id\":\"https:\/\/lievrerouge.ca\/#website\",\"url\":\"https:\/\/lievrerouge.ca\/\",\"name\":\"Li\u00e8vre Rouge\",\"description\":\"Un refuge \u00e9co-responsable au c\u0153ur de la for\u00eat  des Hautes-Laurentides\",\"publisher\":{\"@id\":\"https:\/\/lievrerouge.ca\/#organization\"},\"potentialAction\":[{\"@type\":\"SearchAction\",\"target\":{\"@type\":\"EntryPoint\",\"urlTemplate\":\"https:\/\/lievrerouge.ca\/?s={search_term_string}\"},\"query-input\":{\"@type\":\"PropertyValueSpecification\",\"valueRequired\":true,\"valueName\":\"search_term_string\"}}],\"inLanguage\":\"en-US\"},{\"@type\":\"Organization\",\"@id\":\"https:\/\/lievrerouge.ca\/#organization\",\"name\":\"Li\u00e8vre Rouge\",\"url\":\"https:\/\/lievrerouge.ca\/\",\"logo\":{\"@type\":\"ImageObject\",\"inLanguage\":\"en-US\",\"@id\":\"https:\/\/lievrerouge.ca\/#\/schema\/logo\/image\/\",\"url\":\"https:\/\/lievrerouge.ca\/wp-content\/uploads\/2022\/11\/logoVert.png\",\"contentUrl\":\"https:\/\/lievrerouge.ca\/wp-content\/uploads\/2022\/11\/logoVert.png\",\"width\":113,\"height\":105,\"caption\":\"Li\u00e8vre Rouge\"},\"image\":{\"@id\":\"https:\/\/lievrerouge.ca\/#\/schema\/logo\/image\/\"},\"sameAs\":[\"https:\/\/www.facebook.com\/lievrerouge.ca\",\"https:\/\/www.instagram.com\/lievrerouge.ca\/\"]}]}<\/script>\n<!-- \/ Yoast SEO Premium plugin. -->","yoast_head_json":{"title":"The Upper Laurentians - Refuge du Li\u00e8vre Rouge","robots":{"index":"index","follow":"follow","max-snippet":"max-snippet:-1","max-image-preview":"max-image-preview:large","max-video-preview":"max-video-preview:-1"},"canonical":"https:\/\/lievrerouge.ca\/en\/about\/the-upper-laurentians\/","og_locale":"en_US","og_type":"article","og_title":"The Upper Laurentians","og_url":"https:\/\/lievrerouge.ca\/en\/about\/the-upper-laurentians\/","og_site_name":"Refuge du Li\u00e8vre Rouge","article_publisher":"https:\/\/www.facebook.com\/lievrerouge.ca","article_modified_time":"2023-10-07T14:58:34+00:00","twitter_card":"summary_large_image","schema":{"@context":"https:\/\/schema.org","@graph":[{"@type":"WebPage","@id":"https:\/\/lievrerouge.ca\/en\/about\/the-upper-laurentians\/","url":"https:\/\/lievrerouge.ca\/en\/about\/the-upper-laurentians\/","name":"The Upper Laurentians - Refuge du Li\u00e8vre Rouge","isPartOf":{"@id":"https:\/\/lievrerouge.ca\/#website"},"datePublished":"2022-10-04T11:50:46+00:00","dateModified":"2023-10-07T14:58:34+00:00","breadcrumb":{"@id":"https:\/\/lievrerouge.ca\/en\/about\/the-upper-laurentians\/#breadcrumb"},"inLanguage":"en-US","potentialAction":[{"@type":"ReadAction","target":["https:\/\/lievrerouge.ca\/en\/about\/the-upper-laurentians\/"]}]},{"@type":"BreadcrumbList","@id":"https:\/\/lievrerouge.ca\/en\/about\/the-upper-laurentians\/#breadcrumb","itemListElement":[{"@type":"ListItem","position":1,"name":"Accueil","item":"https:\/\/lievrerouge.ca\/en\/"},{"@type":"ListItem","position":2,"name":"About","item":"https:\/\/lievrerouge.ca\/en\/about\/"},{"@type":"ListItem","position":3,"name":"The Upper Laurentians"}]},{"@type":"WebSite","@id":"https:\/\/lievrerouge.ca\/#website","url":"https:\/\/lievrerouge.ca\/","name":"Li\u00e8vre Rouge","description":"Un refuge \u00e9co-responsable au c\u0153ur de la for\u00eat  des Hautes-Laurentides","publisher":{"@id":"https:\/\/lievrerouge.ca\/#organization"},"potentialAction":[{"@type":"SearchAction","target":{"@type":"EntryPoint","urlTemplate":"https:\/\/lievrerouge.ca\/?s={search_term_string}"},"query-input":{"@type":"PropertyValueSpecification","valueRequired":true,"valueName":"search_term_string"}}],"inLanguage":"en-US"},{"@type":"Organization","@id":"https:\/\/lievrerouge.ca\/#organization","name":"Li\u00e8vre Rouge","url":"https:\/\/lievrerouge.ca\/","logo":{"@type":"ImageObject","inLanguage":"en-US","@id":"https:\/\/lievrerouge.ca\/#\/schema\/logo\/image\/","url":"https:\/\/lievrerouge.ca\/wp-content\/uploads\/2022\/11\/logoVert.png","contentUrl":"https:\/\/lievrerouge.ca\/wp-content\/uploads\/2022\/11\/logoVert.png","width":113,"height":105,"caption":"Li\u00e8vre Rouge"},"image":{"@id":"https:\/\/lievrerouge.ca\/#\/schema\/logo\/image\/"},"sameAs":["https:\/\/www.facebook.com\/lievrerouge.ca","https:\/\/www.instagram.com\/lievrerouge.ca\/"]}]}},"jetpack_sharing_enabled":true,"_links":{"self":[{"href":"https:\/\/lievrerouge.ca\/en\/wp-json\/wp\/v2\/pages\/659","targetHints":{"allow":["GET"]}}],"collection":[{"href":"https:\/\/lievrerouge.ca\/en\/wp-json\/wp\/v2\/pages"}],"about":[{"href":"https:\/\/lievrerouge.ca\/en\/wp-json\/wp\/v2\/types\/page"}],"author":[{"embeddable":true,"href":"https:\/\/lievrerouge.ca\/en\/wp-json\/wp\/v2\/users\/1"}],"replies":[{"embeddable":true,"href":"https:\/\/lievrerouge.ca\/en\/wp-json\/wp\/v2\/comments?post=659"}],"version-history":[{"count":3,"href":"https:\/\/lievrerouge.ca\/en\/wp-json\/wp\/v2\/pages\/659\/revisions"}],"predecessor-version":[{"id":1679,"href":"https:\/\/lievrerouge.ca\/en\/wp-json\/wp\/v2\/pages\/659\/revisions\/1679"}],"up":[{"embeddable":true,"href":"https:\/\/lievrerouge.ca\/en\/wp-json\/wp\/v2\/pages\/654"}],"wp:attachment":[{"href":"https:\/\/lievrerouge.ca\/en\/wp-json\/wp\/v2\/media?parent=659"}],"curies":[{"name":"wp","href":"https:\/\/api.w.org\/{rel}","templated":true}]}}